{"id":86,"date":"2017-12-27T14:36:28","date_gmt":"2017-12-27T13:36:28","guid":{"rendered":"http:\/\/www.infofax.fr\/?page_id=86"},"modified":"2021-02-11T20:06:30","modified_gmt":"2021-02-11T19:06:30","slug":"je-forme-a-la-redaction","status":"publish","type":"page","link":"https:\/\/www.infofax.fr\/index.php\/je-forme-a-la-redaction\/","title":{"rendered":"Je forme \u00e0 la r\u00e9daction"},"content":{"rendered":"<figure id=\"attachment_92\" aria-describedby=\"caption-attachment-92\" style=\"width: 300px\" class=\"wp-caption alignright\"><img loading=\"lazy\" decoding=\"async\" class=\"wp-image-92 size-medium\" src=\"http:\/\/www.infofax.fr\/wp-content\/uploads\/2017\/11\/danielcv-300x225.jpg\" alt=\"\" width=\"300\" height=\"225\" srcset=\"https:\/\/www.infofax.fr\/wp-content\/uploads\/2017\/11\/danielcv-300x225.jpg 300w, https:\/\/www.infofax.fr\/wp-content\/uploads\/2017\/11\/danielcv-768x576.jpg 768w, https:\/\/www.infofax.fr\/wp-content\/uploads\/2017\/11\/danielcv-1024x768.jpg 1024w\" sizes=\"(max-width: 300px) 100vw, 300px\" \/><figcaption id=\"caption-attachment-92\" class=\"wp-caption-text\">Je vous rencontre dans la r\u00e9gion de Toulouse<\/figcaption><\/figure>\n<p><b>\u00ab&nbsp;\u00c9crire pour \u00eatre lu&nbsp;\u00bb : formation \u00e0 la r\u00e9daction.&nbsp;<\/b><\/p>\n<ul>\n<li>Principes g\u00e9n\u00e9raux de la r\u00e9daction.<\/li>\n<li>L\u2019habillage d\u2019un article : message essentiel, titre et sous-titre, attaque, intertitre, encadr\u00e9, l\u00e9gende photo, chute&#8230;<\/li>\n<li>Mise en application sur vos supports d\u2019information.<\/li>\n<\/ul>\n<p><i>Je vous permets d\u2019acc\u00e9der \u00e0 une \u00e9criture courte et dense, r\u00e9f\u00e9renc\u00e9e, adapt\u00e9e aux r\u00e9seaux sociaux (blog, <\/i><i>facebook<\/i><i>, <\/i><i>twitter<\/i><i>&#8230;) et \u00e0 tous vos supports.<\/i><\/p>\n","protected":false},"excerpt":{"rendered":"<p>\u00ab&nbsp;\u00c9crire pour \u00eatre lu&nbsp;\u00bb : formation \u00e0 la r\u00e9daction.&nbsp; Principes g\u00e9n\u00e9raux de la r\u00e9daction. L\u2019habillage d\u2019un article : message essentiel, titre et sous-titre, attaque, intertitre, encadr\u00e9, l\u00e9gende photo, chute&#8230; Mise <a href=\"https:\/\/www.infofax.fr\/index.php\/je-forme-a-la-redaction\/\" class=\"read-more button-fancy -red\"><span class=\"btn-arrow\"><\/span><span class=\"twp-read-more text\">Continuer la lecture<\/span><\/a><\/p>\n","protected":false},"author":1,"featured_media":0,"parent":0,"menu_order":3,"comment_status":"closed","ping_status":"closed","template":"","meta":{"footnotes":""},"_links":{"self":[{"href":"https:\/\/www.infofax.fr\/index.php\/wp-json\/wp\/v2\/pages\/86"}],"collection":[{"href":"https:\/\/www.infofax.fr\/index.php\/wp-json\/wp\/v2\/pages"}],"about":[{"href":"https:\/\/www.infofax.fr\/index.php\/wp-json\/wp\/v2\/types\/page"}],"author":[{"embeddable":true,"href":"https:\/\/www.infofax.fr\/index.php\/wp-json\/wp\/v2\/users\/1"}],"replies":[{"embeddable":true,"href":"https:\/\/www.infofax.fr\/index.php\/wp-json\/wp\/v2\/comments?post=86"}],"version-history":[{"count":8,"href":"https:\/\/www.infofax.fr\/index.php\/wp-json\/wp\/v2\/pages\/86\/revisions"}],"predecessor-version":[{"id":244,"href":"https:\/\/www.infofax.fr\/index.php\/wp-json\/wp\/v2\/pages\/86\/revisions\/244"}],"wp:attachment":[{"href":"https:\/\/www.infofax.fr\/index.php\/wp-json\/wp\/v2\/media?parent=86"}],"curies":[{"name":"wp","href":"https:\/\/api.w.org\/{rel}","templated":true}]}}